{"id":964,"date":"2021-08-10T02:53:25","date_gmt":"2021-08-10T02:53:25","guid":{"rendered":"https:\/\/qlonew.holinsys.net\/?page_id=964"},"modified":"2021-08-10T02:56:24","modified_gmt":"2021-08-10T02:56:24","slug":"terminos-y-condiciones","status":"publish","type":"page","link":"https:\/\/qlonew.holinsys.net\/index.php\/terminos-y-condiciones\/","title":{"rendered":"T\u00e9rminos y Condiciones"},"content":{"rendered":"\t\t<div data-elementor-type=\"wp-page\" data-elementor-id=\"964\" class=\"elementor elementor-964\" data-elementor-settings=\"[]\">\n\t\t\t\t\t\t\t<div class=\"elementor-section-wrap\">\n\t\t\t\t\t\t\t<section class=\"elementor-section elementor-top-section elementor-element elementor-element-1a0efac elementor-section-boxed elementor-section-height-default elementor-section-height-default\" data-id=\"1a0efac\" data-element_type=\"section\" data-settings=\"{&quot;background_background&quot;:&quot;classic&quot;}\">\n\t\t\t\t\t\t<div class=\"elementor-container elementor-column-gap-default\">\n\t\t\t\t\t<div class=\"elementor-column elementor-col-100 elementor-top-column elementor-element elementor-element-61c3584\" data-id=\"61c3584\" data-element_type=\"column\">\n\t\t\t<div class=\"elementor-widget-wrap elementor-element-populated\">\n\t\t\t\t\t\t\t\t<div class=\"elementor-element elementor-element-ad622b5 elementor-widget elementor-widget-heading\" data-id=\"ad622b5\" data-element_type=\"widget\" data-settings=\"{&quot;motion_fx_motion_fx_scrolling&quot;:&quot;yes&quot;,&quot;motion_fx_translateY_effect&quot;:&quot;yes&quot;,&quot;motion_fx_translateY_speed&quot;:{&quot;unit&quot;:&quot;px&quot;,&quot;size&quot;:&quot;0.5&quot;,&quot;sizes&quot;:[]},&quot;motion_fx_translateY_affectedRange&quot;:{&quot;unit&quot;:&quot;%&quot;,&quot;size&quot;:&quot;&quot;,&quot;sizes&quot;:{&quot;start&quot;:&quot;0&quot;,&quot;end&quot;:&quot;50&quot;}},&quot;motion_fx_opacity_effect&quot;:&quot;yes&quot;,&quot;motion_fx_opacity_range&quot;:{&quot;unit&quot;:&quot;%&quot;,&quot;size&quot;:&quot;&quot;,&quot;sizes&quot;:{&quot;start&quot;:&quot;0&quot;,&quot;end&quot;:&quot;50&quot;}},&quot;motion_fx_devices&quot;:[&quot;desktop&quot;,&quot;mobile&quot;],&quot;motion_fx_opacity_direction&quot;:&quot;out-in&quot;,&quot;motion_fx_opacity_level&quot;:{&quot;unit&quot;:&quot;px&quot;,&quot;size&quot;:10,&quot;sizes&quot;:[]}}\" data-widget_type=\"heading.default\">\n\t\t\t\t<div class=\"elementor-widget-container\">\n\t\t\t<h2 class=\"elementor-heading-title elementor-size-default\">T\u00e9rminos y Condiciones<\/h2>\t\t<\/div>\n\t\t\t\t<\/div>\n\t\t\t\t<div class=\"elementor-element elementor-element-a91b91f elementor-widget elementor-widget-text-editor\" data-id=\"a91b91f\" data-element_type=\"widget\" data-widget_type=\"text-editor.default\">\n\t\t\t\t<div class=\"elementor-widget-container\">\n\t\t\t\t\t\t\t\t<p>QLOBBI es una plataforma de entretenimiento via streaming donde puedes ver canales en vivo y canales Premium que podr\u00e1s disfrutar en todo momento y lugar. QLOBBI provee un servicio de suscripci\u00f3n que permite a sus usuarios acceder a canales en vivo y canales Premium, a trav\u00e9s de internet o dispositivos conectados a internet. Los T\u00e9rminos o Condiciones de Uso se refieren al servicio brindado por QLOBBI incluidas las caracter\u00edsticas y funciones.<br \/>La programaci\u00f3n de los canales en vivo y Premium no dependen de Qlobbi sino de los propios operadores de los canales; en dicho sentido Qlobbi se exime de cualquier responsabilidad por dichos cambios y\/o restricciones.<\/p><p><b>I. MEMBRESIA<\/b><\/p><p>1. La membres\u00eda otorgada por QLOBBI se inicia con la creaci\u00f3n de una cuenta y la aceptaci\u00f3n de las condiciones y la forma de pago correspondiente y se prolonga hasta que se cancele el servicio. Para la creaci\u00f3n de la cuenta debe accederse desde www.qlobbi.com y seguir las indicaciones.<\/p><p>2. Al servicio tambi\u00e9n podr\u00e1n acceder los clientes de distintos cableoperadores, para lo cual tambi\u00e9n deben crear su cuenta conforme a las indicaciones que se indican en nuestra web principal www.qlobbi.com\/cableoperador<\/p><p>3. Para usar el servicio, se debe contar con acceso a internet y un dispositivo adecuado.<\/p><p>4. La \u201cForma de Pago\u201d hace referencia a la forma de pago v\u00e1lida y aceptada por parte del usuario. A menos que se cancele la membres\u00eda antes de la fecha de facturaci\u00f3n, el usuario autoriza el cobro de la membres\u00eda del siguiente ciclo de facturaci\u00f3n.<\/p><p>5. QLOBBI puede ofrecer diferentes formas de servicio cada cual con condiciones y limitaciones diferentes. La informaci\u00f3n sobre el tipo de membres\u00eda o servicio es accesible a trav\u00e9s de nuestro sitio web.<\/p><p>6. La membres\u00eda ofertada por QLOBBI, puede iniciarse con una prueba gratis por un tiempo limitado y no renovable y su prop\u00f3sito es s\u00f3lo para efectos de que puedan probar las bondades del servicio; en tanto ello, QLOBBI se reserva el derecho de dejar sin efecto, en cualquier momento, la prueba gratuita.<\/p><p>7. Al completarse el periodo de prueba gratis, QLOBBI proceder\u00e1 al cargo del costo de la membres\u00eda del siguiente ciclo de facturaci\u00f3n aplic\u00e1ndola al medio y\/o forma de pago a menos que el uso sea cancelado antes de que termine el periodo de prueba gratis.<\/p><p><b>II. PAGO Y FACTURACI\u00d3N<\/b><\/p><p>8. Los cargos de membres\u00eda y cualquier otro por el uso del servicio (impuestos y otros gastos atribuibles a la transacci\u00f3n) se cobrar\u00e1n aplic\u00e1ndola al medio y\/o forma de pago en la fecha de facturaci\u00f3n espec\u00edfica. La duraci\u00f3n del ciclo de facturaci\u00f3n depender\u00e1 del tipo de suscripci\u00f3n elegida. En ciertos casos, su fecha de pago podr\u00eda cambiar, si el medio o la forma de pago no se estableci\u00f3 correctamente. Esta informaci\u00f3n estar\u00e1 disponible en nuestra plataforma \u201cMis suscripciones\u201d luego \u201cFacturaci\u00f3n\u201d.<\/p><p>9. Para usar el servicio el cliente debe de proveer un medio y forma de pago y autorizar el hacer los cargos correspondientes. Cualquier cargo que fuera rechazado se suspender\u00e1 el acceso al servicio hasta que se regularice el pago pendiente.<\/p><p>10. Es responsabilidad del cliente mantener vigente y\/o actualizado el medio y la forma de pago. Realizada una actualizaci\u00f3n, el cliente autoriza a los cargos correspondientes.<\/p><p>11. El cliente podr\u00e1 cancelar su membres\u00eda en cualquier momento y continuar\u00e1 teniendo acceso al servicio hasta el final de su periodo de facturaci\u00f3n. Los pagos no son reembolsables y no se otorgar\u00e1n reembolsos ni cr\u00e9ditos por los periodos de membres\u00eda utilizados parcialmente o por el contenido no visto. Para cancelar, visite la p\u00e1gina web y siga las instrucciones que all\u00ed se consignan.<\/p><p>12. QLOBBI se reserva el derecho de cambiar los planes de suscripci\u00f3n y el precio de cada uno de ellos; sin embargo, para que dichos cambios sean efectivos y obliguen al cliente, deber\u00e1n de ser comunicados con por lo menos 30 d\u00edas de anticipaci\u00f3n.<\/p><p>13. El cliente debe ser mayor de edad, conforme a la legislaci\u00f3n vigente del pa\u00eds en donde se brinde el servicio. Los menores s\u00f3lo podr\u00e1n usar el servicio con la supervisi\u00f3n de un adulto.<\/p><p>14. El servicio de QLOBBI y su contenido son solo para uso personal, no comercial. Durante la vigencia de la membres\u00eda, se otorga un derecho limitado, no exclusivo e intransferible y no podr\u00e1 usarse para presentaciones p\u00fablicas.<\/p><p>15. El contenido ofrecido solo puede ser visualizado en los lugares en los que ofrecemos nuestro servicio y puede variar seg\u00fan la ubicaci\u00f3n geogr\u00e1fica.<\/p><p>16. La cantidad de dispositivos en los que se puede visualizar el contenido en forma simult\u00e1nea depende del plan de suscripci\u00f3n elegido.<\/p><p>17. El servicio est\u00e1 sujeto a actualizaci\u00f3n en forma continua y constante, incluido el cat\u00e1logo de los contenidos ofrecidos. De la misma manera, en forma peri\u00f3dica y constante se realizan cambios en diferentes aspectos de nuestro servicio, de nuestro sitio web, interfaces de usuario, promociones y el contenido.<\/p><p>18. El cliente acepta el servicio, sus caracter\u00edsticas y funcionalidades as\u00ed como las restricciones, limitaciones y prohibiciones, de acuerdo a las normas y reglamentos vigentes; lo que adem\u00e1s implica que no podr\u00e1 distribuir, archivar, reproducir, mostrar, ejecutar, modificar, publicar, otorgar licencias, u ofrecer en venta, o usar contenido e informaci\u00f3n brindada por el servicio. Ello incluye que, no podr\u00e1 eliminar, desactivar, alterar o interferir o burlar las funciones de protecci\u00f3n del servicio ni tampoco extraer bajo cualquier medio o forma datos de otros clientes.<\/p><p>19. El cliente acepta que, QLOBBI podr\u00e1 limitar o impedir el uso del servicio si viola cualquiera de los T\u00e9rminos de Uso o realiza actividades de forma ilegal o fraudulenta.<\/p><p>20. La calidad de imagen de los contenidos depende de diversos factores, tales como el equipo receptor, reproductor, ubicaci\u00f3n, ancho de banda disponible o velocidad de conexi\u00f3n. No todo el contenido est\u00e1 disponible en todos los formatos y su disponibilidad en alta definici\u00f3n (HD), ultra alta definici\u00f3n (Ultra HD) u otro depende del dispositivo y la velocidad de conexi\u00f3n. La configuraci\u00f3n de reproducci\u00f3n en equipos m\u00f3viles excluye contenido HD, Ultra HD u otro.<\/p><p>21. El cliente que cre\u00f3 la cuenta y a quien se factura el servicio en el medio y\/o forma de pago elegida, es a quien se le brindar\u00e1 el acceso y control sobre el servicio en los dispositivos fines que se usen para acceder y ser\u00e1 el responsable de cualquier actividad realizada sea por \u00e9l o por las personas a las que usen su acceso. Para controlar el acceso y evitar que alguien acceda. El cliente debe mantener el control sobre los dispositivos que se utilizan y no revelar su contrase\u00f1a ni la informaci\u00f3n del medio o forma de pago. Es responsabilidad del cliente mantener la exactitud de la informaci\u00f3n que brinda.<\/p><p>22. Dada la naturaleza del servicio, \u00e9ste se ofrece en el estado en que se encuentre, sin garant\u00eda ni condici\u00f3n y el cliente renuncia a los inconvenientes y perjuicios que pudieran generarse. Esta declaraci\u00f3n no limitar\u00e1 ni las garant\u00edas no renunciables ni los derechos de protecci\u00f3n al consumidor conforme a las leyes vigentes.<\/p><p>23. Estos T\u00e9rminos de uso se regir\u00e1n e interpretar\u00e1n de conformidad con las leyes del Per\u00fa y si alguna de las disposiciones de estas Condiciones o T\u00e9rminos de Uso es declarada nula, ilegal o inaplicable, la validez y aplicaci\u00f3n de las restantes disposiciones continuar\u00e1n en plena vigencia.<\/p><p>24. Si necesita obtener m\u00e1s informaci\u00f3n sobre nuestro servicio y sus funciones, o si necesita asistencia con su cuenta, cont\u00e1ctenos por nuestro sitio web. En el caso en que haya un conflicto entre estos T\u00e9rminos de uso y la informaci\u00f3n proporcionada por el Servicio al Cliente u otras secciones de nuestro sitio web, estos T\u00e9rminos de uso ser\u00e1n los que regir\u00e1n.<\/p><p>25. QLOBBI puede cambiar las Condiciones o T\u00e9rminos de Uso cuando sea necesario y para ello deber\u00e1 de comunicarlo con no menos de 30 d\u00edas de anticipaci\u00f3n; asimismo, podr\u00e1 ceder o transferir el presente acuerdo incluidos los derechos y obligaciones en cualquier momento y el cliente acepta dicha cesi\u00f3n o transferencia.<\/p><p>26. Nuestra comunicaci\u00f3n con el cliente sobre cambios, avisos y dem\u00e1s informaci\u00f3n se realizar\u00e1 mediante emails a la direcci\u00f3n de email proporcionada durante el registro del cliente.<\/p><p>27. Qlobbi es un servicio contratado por su cable operador, de modo que, no entabla ninguna relaci\u00f3n contractual con el usuario o cliente; por ende, ante el usuario, cliente o consumidor final, no tiene ninguna obligaci\u00f3n sobre los cortes o interrupciones del servicio de cable o streaming, ni por los cobros que se realicen, ni por el contenido o calidad de los programas ofrecidos, por lo que, cualquier queja o reclamo por cualquier circunstancia o caracter\u00edstica del servicio recibido, deber\u00e1 ser canalizada directamente ante el cable operador.<\/p>\t\t\t\t\t\t<\/div>\n\t\t\t\t<\/div>\n\t\t\t\t\t<\/div>\n\t\t<\/div>\n\t\t\t\t\t\t\t<\/div>\n\t\t<\/section>\n\t\t\t\t\t\t<\/div>\n\t\t\t\t\t<\/div>\n\t\t","protected":false},"excerpt":{"rendered":"<p>T\u00e9rminos y Condiciones QLOBBI es una plataforma de entretenimiento via streaming donde puedes ver canales en vivo y canales Premium que podr\u00e1s disfrutar en todo momento y lugar. QLOBBI provee un servicio de suscripci\u00f3n que permite a sus usuarios acceder a canales en vivo y canales Premium, a trav\u00e9s de internet o dispositivos conectados a [&hellip;]<\/p>\n","protected":false},"author":1,"featured_media":0,"parent":0,"menu_order":0,"comment_status":"closed","ping_status":"closed","template":"","meta":{"footnotes":""},"_links":{"self":[{"href":"https:\/\/qlonew.holinsys.net\/index.php\/wp-json\/wp\/v2\/pages\/964"}],"collection":[{"href":"https:\/\/qlonew.holinsys.net\/index.php\/wp-json\/wp\/v2\/pages"}],"about":[{"href":"https:\/\/qlonew.holinsys.net\/index.php\/wp-json\/wp\/v2\/types\/page"}],"author":[{"embeddable":true,"href":"https:\/\/qlonew.holinsys.net\/index.php\/wp-json\/wp\/v2\/users\/1"}],"replies":[{"embeddable":true,"href":"https:\/\/qlonew.holinsys.net\/index.php\/wp-json\/wp\/v2\/comments?post=964"}],"version-history":[{"count":4,"href":"https:\/\/qlonew.holinsys.net\/index.php\/wp-json\/wp\/v2\/pages\/964\/revisions"}],"predecessor-version":[{"id":977,"href":"https:\/\/qlonew.holinsys.net\/index.php\/wp-json\/wp\/v2\/pages\/964\/revisions\/977"}],"wp:attachment":[{"href":"https:\/\/qlonew.holinsys.net\/index.php\/wp-json\/wp\/v2\/media?parent=964"}],"curies":[{"name":"wp","href":"https:\/\/api.w.org\/{rel}","templated":true}]}}