{"id":948,"date":"2021-08-10T02:48:18","date_gmt":"2021-08-10T02:48:18","guid":{"rendered":"https:\/\/qlonew.holinsys.net\/?page_id=948"},"modified":"2021-08-10T02:56:04","modified_gmt":"2021-08-10T02:56:04","slug":"politica-de-privacidad","status":"publish","type":"page","link":"https:\/\/qlonew.holinsys.net\/index.php\/politica-de-privacidad\/","title":{"rendered":"Pol\u00edtica de Privacidad"},"content":{"rendered":"\t\t<div data-elementor-type=\"wp-page\" data-elementor-id=\"948\" class=\"elementor elementor-948\" data-elementor-settings=\"[]\">\n\t\t\t\t\t\t\t<div class=\"elementor-section-wrap\">\n\t\t\t\t\t\t\t<section class=\"elementor-section elementor-top-section elementor-element elementor-element-aa80de6 elementor-section-boxed elementor-section-height-default elementor-section-height-default\" data-id=\"aa80de6\" data-element_type=\"section\" data-settings=\"{&quot;background_background&quot;:&quot;classic&quot;}\">\n\t\t\t\t\t\t<div class=\"elementor-container elementor-column-gap-default\">\n\t\t\t\t\t<div class=\"elementor-column elementor-col-100 elementor-top-column elementor-element elementor-element-54ef503\" data-id=\"54ef503\" data-element_type=\"column\">\n\t\t\t<div class=\"elementor-widget-wrap elementor-element-populated\">\n\t\t\t\t\t\t\t\t<div class=\"elementor-element elementor-element-e05118a elementor-widget elementor-widget-heading\" data-id=\"e05118a\" data-element_type=\"widget\" data-settings=\"{&quot;motion_fx_motion_fx_scrolling&quot;:&quot;yes&quot;,&quot;motion_fx_translateY_effect&quot;:&quot;yes&quot;,&quot;motion_fx_translateY_speed&quot;:{&quot;unit&quot;:&quot;px&quot;,&quot;size&quot;:&quot;0.5&quot;,&quot;sizes&quot;:[]},&quot;motion_fx_translateY_affectedRange&quot;:{&quot;unit&quot;:&quot;%&quot;,&quot;size&quot;:&quot;&quot;,&quot;sizes&quot;:{&quot;start&quot;:&quot;0&quot;,&quot;end&quot;:&quot;50&quot;}},&quot;motion_fx_opacity_effect&quot;:&quot;yes&quot;,&quot;motion_fx_opacity_range&quot;:{&quot;unit&quot;:&quot;%&quot;,&quot;size&quot;:&quot;&quot;,&quot;sizes&quot;:{&quot;start&quot;:&quot;0&quot;,&quot;end&quot;:&quot;50&quot;}},&quot;motion_fx_devices&quot;:[&quot;desktop&quot;,&quot;mobile&quot;],&quot;motion_fx_opacity_direction&quot;:&quot;out-in&quot;,&quot;motion_fx_opacity_level&quot;:{&quot;unit&quot;:&quot;px&quot;,&quot;size&quot;:10,&quot;sizes&quot;:[]}}\" data-widget_type=\"heading.default\">\n\t\t\t\t<div class=\"elementor-widget-container\">\n\t\t\t<h2 class=\"elementor-heading-title elementor-size-default\">Declaraci\u00f3n de Privacidad<\/h2>\t\t<\/div>\n\t\t\t\t<\/div>\n\t\t\t\t<div class=\"elementor-element elementor-element-86c8e95 elementor-widget elementor-widget-text-editor\" data-id=\"86c8e95\" data-element_type=\"widget\" data-widget_type=\"text-editor.default\">\n\t\t\t\t<div class=\"elementor-widget-container\">\n\t\t\t\t\t\t\t\t<p>Es prop\u00f3sito de esta Declaraci\u00f3n poner en conocimiento nuestras pr\u00e1cticas respecto de la recopilaci\u00f3n, uso y transferencia de su informaci\u00f3n personal, tanto por QLOBBI como las empresas asociadas a ella.<\/p><p>1. El responsable de los datos de su informaci\u00f3n personal es QLOBBI.<\/p><p>2. Para ponerse en contacto con nosotros visite nuestra web www.Qlobbi.com. Debe tomar en cuenta que, si se comunica con nosotros para obtener ayuda y\/o informaci\u00f3n, por su seguridad y la nuestra, podemos pedirle que autentique su identidad antes de atenderlo solicitud.<\/p><p>3. QLOBBI almacena informaci\u00f3n personal tal como: su nombre y apellido, n\u00famero de documento de indentificaci\u00f3n, direcci\u00f3n, email y n\u00famero de tel\u00e9fono. Tambi\u00e9n se recopila y almacena informaci\u00f3n cuando usted elige a\u00f1adir programas favoritos; el uso de nuestro servicio, sus interacciones con nuestros servicios y publicidad y aquella informaci\u00f3n relacionada con los dispositivos que usa para acceder a nuestro servicio; su actividad en el servicio as\u00ed como las selecciones de los t\u00edtulos, el historial de visualizaci\u00f3n y las b\u00fasquedas; su interacci\u00f3n con nuestras notificaciones, canales de mensajer\u00eda, el servicio al cliente, su n\u00famero de tel\u00e9fono y grabaciones de las llamadas; identificadores de dispositivos y las caracter\u00edsticas de software y dispositivo, informaci\u00f3n de conexi\u00f3n, estad\u00edsticas sobre visualizaci\u00f3n de p\u00e1ginas, direcciones IP, datos del navegador, etc.<\/p><p>4. Tambi\u00e9n recopilamos informaci\u00f3n a trav\u00e9s de otras empresas con las que el cliente tiene una relaci\u00f3n que pueden ser: proveedores de servicios de internet, proveedores de servicios de TV, proveedores de reproducci\u00f3n de multimedia, cableoperadores ,operadores de telefon\u00eda m\u00f3vil u otras empresas; y, puede incluir: consultas de b\u00fasquedas; informaci\u00f3n de activaci\u00f3n de servicios, direcci\u00f3n de email u otra informaci\u00f3n de contacto.<\/p><p>5. El uso de la informaci\u00f3n recopilada es para analizar, administrar, mejorar y personalizar nuestros servicios e iniciativas de marketing: ofrecerle contenidos, brindarle recomendaciones, determinar su proveedor de servicios de internet y ayudarnos a responder con mayor rapidez y eficiencia a las consultas y solicitudes; coordinar la prestaci\u00f3n de los servicios y la disponibilidad y limitaciones a ellos; prevenir, detectar, investigar y sancionar actividades potencialmente prohibidas o ilegales; analizar la mejora de los servicios; comunicarse con clientes o potenciales clientes en relaci\u00f3n con nuestro servicio, enviarles noticias, detalles de nuevas funciones y contenidos, ofertas y para ayudarlo con solicitudes operativas.<\/p><p>6. A QLOBBI le estar\u00e1 permitido el transferir informaci\u00f3n a terceros, tales como empresas relacionadas a QLOBBI o proveedores de servicios<\/p><p>7. QLOBBI podr\u00e1 ofrecer promociones en las que exista como condici\u00f3n el intercambiar informaci\u00f3n con terceros, por lo que el cliente autoriza ofrecerle ese tipo de promociones y el compartir su nombre y otra informaci\u00f3n relacionada, situaci\u00f3n en la que, debe quedar claramente establecido que los terceros son responsables de pol\u00edticas de privacidad.<\/p><p>8. Esta autorizaci\u00f3n tambi\u00e9n se extiende cuando dicha transferencia sea necesaria para cumplir con la legislaci\u00f3n o alg\u00fan mandato judicial o administrativo o para la investigaci\u00f3n de infracciones; prevenir o investigar actividades de contenido il\u00edcito o por problemas de seguridad o t\u00e9cnicos.<\/p><p>9. Si se realiza alg\u00fan tipo de reorganizaci\u00f3n empresarial, cualquiera sea esta, tambi\u00e9n se podr\u00e1 transferir la informaci\u00f3n.<\/p><p>10. Para facilitar el acceso puede usar la funci\u00f3n \u201cRecordarme en este dispositivo\u201d o su equivalente; esta funci\u00f3n usa tecnolog\u00eda que permite brindar acceso directo y ayuda a administrar el servicio sin necesidad de solicitar una contrase\u00f1a u otra identificaci\u00f3n del usuario cada vez que el navegador accede al servicio. Siempre que sea posible, los usuarios deben cerrar sesi\u00f3n al finalizar en el dispositivo que est\u00e9n usando. Si transfiere o devuelve un dispositivo deber\u00eda cerrar sesi\u00f3n y desactivar el servicio en el dispositivo. Si no resguarda su contrase\u00f1a o su dispositivo, o no cierra sesi\u00f3n o desactiva su dispositivo, cualquier persona podr\u00e1 acceder a su informaci\u00f3n personal. Si comparte que otros tengan acceso a su servicio podr\u00e1n ver su informaci\u00f3n personal, etc.<\/p><p>11. Tenga en cuenta que su perfil estar\u00e1 disponible para quien use la cuenta de su servicio, de modo que puede navegar, usar, editar o borrar la informaci\u00f3n de su perfil. Los perfiles permiten a cada usuario tener su propia experiencia personalizada, de acuerdo con el contenido que le interesen. Si no desea que usen o modifiquen su perfil, tome las medidas que correspondan.<\/p><p>12. Si no desea recibir comunicaciones nuestras por medio de email o mensaje de texto, debe comunicarlo a trav\u00e9s del formulario de contacto que se encuentra en la web; sin embargo, debe tener en cuenta que no podr\u00e1 cancelar el env\u00edo de correspondencia vinculados con el servicio o las transacciones producto de \u00e9ste. De la misma manera.<\/p><p>13. Si usa un navegador o dispositivos m\u00f3viles, las cookies y las se\u00f1alizaciones web permiten recopilar informaci\u00f3n que permite identificar sus intereses probables a fin de emitir o hacerle llegar anuncios online que se adaptan a sus posibles intereses.<\/p><p>14. De la misma manera, algunos sitios de terceros y aplicaciones nos permitir\u00e1n enviarle promociones online sobre nuestros servicios enviando un identificador de protecci\u00f3n de privacidad al tercero.<\/p><p>15. El cliente puede solicitar acceso a la informaci\u00f3n personal que hemos recopilado, o corregir o actualizarla. Puede hacerlo directamente desde la plataforma. Tambi\u00e9n puede indicar que la eliminemos, sin embargo, podemos rechazar solicitudes que no sean proporcionales o que la ley no exija, incluidas aquellas que resulten extremadamente poco pr\u00e1cticas, que puedan requerir un esfuerzo t\u00e9cnico desproporcionado o que podr\u00edan exponernos a riesgos operativos, como fraudes en las pruebas gratuitas. De otro lado, tome en cuenta que podemos retener la informaci\u00f3n requerida o permitida por las leyes y regulaciones aplicables e incluso para nuestros fines de facturaci\u00f3n o registros y para cumplir con los prop\u00f3sitos de esta Declaraci\u00f3n de privacidad, sin perjuicio de lo cual, se toman las medidas razonables para destruir o anonimizar la informaci\u00f3n personal de forma segura una vez que ya no se la necesita.<\/p><p>16. Nosotros y nuestros proveedores de servicios utilizamos cookies y otras tecnolog\u00edas, para facilitar el acceso a nuestros servicios y recordarlo cuando vuelva a ingresar, y para proveer y analizar nuestros servicios. Tambi\u00e9n utilizamos cookies e identificadores de dispositivos reconfigurables para aprender m\u00e1s sobre nuestros usuarios y sus probables intereses, y para presentar y personalizar el marketing o la publicidad. Usted debe estar informado sobre el uso que hacemos de estas tecnolog\u00edas, de modo que le sugerimos que se informe sobre: las cookies (esenciales, de rendimiento, de funcionamiento, de publicidad) e identificadores de dispositivos reconfigurables.<\/p><p>17. Con el objetivo de brindar un nivel de seguridad adecuado, es nuestra responsabilidad el contar con medidas de gesti\u00f3n, administrativas y log\u00edsticas para proteger su informaci\u00f3n personal contra intrusiones, p\u00e9rdidas, robos y en general accesos no autorizados, usos y modificaciones.<\/p><p>18. Nuestra Pol\u00edtica de Privacidad ser\u00e1 actualizada en forma regular o cuando sea necesario, sea por necesidad tecnol\u00f3gica o por cambios en los requisitos legales u operativos. Le informaremos de tales cambios de acuerdo con la ley. Si sigue utilizando el servicio despu\u00e9s de la implementaci\u00f3n de las actualizaciones, se entender\u00e1 que ha aceptado los cambios. Si prefiere no reconocer o aceptar alguna de las actualizaciones de esta Declaraci\u00f3n de privacidad, puede cancelar y dejar de usar el servicio.<\/p>\t\t\t\t\t\t<\/div>\n\t\t\t\t<\/div>\n\t\t\t\t<div class=\"elementor-element elementor-element-c0bf439 elementor-widget elementor-widget-spacer\" data-id=\"c0bf439\" data-element_type=\"widget\" data-widget_type=\"spacer.default\">\n\t\t\t\t<div class=\"elementor-widget-container\">\n\t\t\t\t\t<div class=\"elementor-spacer\">\n\t\t\t<div class=\"elementor-spacer-inner\"><\/div>\n\t\t<\/div>\n\t\t\t\t<\/div>\n\t\t\t\t<\/div>\n\t\t\t\t\t<\/div>\n\t\t<\/div>\n\t\t\t\t\t\t\t<\/div>\n\t\t<\/section>\n\t\t\t\t\t\t<\/div>\n\t\t\t\t\t<\/div>\n\t\t","protected":false},"excerpt":{"rendered":"<p>Declaraci\u00f3n de Privacidad Es prop\u00f3sito de esta Declaraci\u00f3n poner en conocimiento nuestras pr\u00e1cticas respecto de la recopilaci\u00f3n, uso y transferencia de su informaci\u00f3n personal, tanto por QLOBBI como las empresas asociadas a ella. 1. El responsable de los datos de su informaci\u00f3n personal es QLOBBI. 2. Para ponerse en contacto con nosotros visite nuestra web [&hellip;]<\/p>\n","protected":false},"author":1,"featured_media":0,"parent":0,"menu_order":0,"comment_status":"closed","ping_status":"closed","template":"","meta":{"footnotes":""},"_links":{"self":[{"href":"https:\/\/qlonew.holinsys.net\/index.php\/wp-json\/wp\/v2\/pages\/948"}],"collection":[{"href":"https:\/\/qlonew.holinsys.net\/index.php\/wp-json\/wp\/v2\/pages"}],"about":[{"href":"https:\/\/qlonew.holinsys.net\/index.php\/wp-json\/wp\/v2\/types\/page"}],"author":[{"embeddable":true,"href":"https:\/\/qlonew.holinsys.net\/index.php\/wp-json\/wp\/v2\/users\/1"}],"replies":[{"embeddable":true,"href":"https:\/\/qlonew.holinsys.net\/index.php\/wp-json\/wp\/v2\/comments?post=948"}],"version-history":[{"count":22,"href":"https:\/\/qlonew.holinsys.net\/index.php\/wp-json\/wp\/v2\/pages\/948\/revisions"}],"predecessor-version":[{"id":974,"href":"https:\/\/qlonew.holinsys.net\/index.php\/wp-json\/wp\/v2\/pages\/948\/revisions\/974"}],"wp:attachment":[{"href":"https:\/\/qlonew.holinsys.net\/index.php\/wp-json\/wp\/v2\/media?parent=948"}],"curies":[{"name":"wp","href":"https:\/\/api.w.org\/{rel}","templated":true}]}}